{"id":587,"date":"2015-02-14T12:10:46","date_gmt":"2015-02-14T10:10:46","guid":{"rendered":"http:\/\/artjaw.de\/?page_id=587"},"modified":"2020-05-01T15:26:30","modified_gmt":"2020-05-01T13:26:30","slug":"impressum","status":"publish","type":"page","link":"http:\/\/artjaw.de\/?page_id=587","title":{"rendered":"Impressum \/ Privacy Policy"},"content":{"rendered":"<div id=\"floattext\">\n<p><span class=\"headline\">Verantwortlicher Autor und Webdesigner:<\/span><br \/>\n<span class=\"floattext\">Jan We\u00dfbecher<br \/>\nTigerstra\u00dfe 13<br \/>\n22525\u00a0Hamburg<br \/>\nDeutschland<\/p>\n<p>VAT.Id.Nr.: DE298397802<br \/>\n<\/span><\/p>\n<p>jan_wessbecher@artjaw.de<\/p>\n<p>WordPress Framework und Themedesign:<\/p>\n<p>WordPress.com und Themetrust.com<\/p>\n<\/div>\n<div id=\"floattext\">\n<p><span class=\"headline\">1. Inhalt des Onlineangebotes<\/span><br \/>\n<span class=\"floattext\">Jan We\u00dfbecher\u00a0(im Folgenden &#8220;Der Autor&#8221;) \u00fcbernimmt keinerlei Gew\u00e4hr f\u00fcr die Aktualit\u00e4t, Korrektheit, Vollst\u00e4ndigkeit oder Qualit\u00e4t der bereitgestellten Informationen. Haftungsanspr\u00fcche gegen den Autor, welche sich auf Sch\u00e4den materieller oder ideeller Art beziehen, die durch die Nutzung oder Nichtnutzung der dargebotenen Informationen bzw. durch die Nutzung fehlerhafter und unvollst\u00e4ndiger Informationen verursacht wurden sind grunds\u00e4tzlich ausgeschlossen, sofern seitens des Autors kein nachweislich vors\u00e4tzliches oder grob fahrl\u00e4ssiges Verschulden vorliegt.<\/span><\/p>\n<p>Alle Angebote sind freibleibend und unverbindlich. Der Autor beh\u00e4lt es sich ausdr\u00fccklich vor, Teile er Seiten oder das gesamte Angebot ohne gesonderte Ank\u00fcndigung zu ver\u00e4ndern, zu erg\u00e4nzen, zu l\u00f6schen oder die Ver\u00f6ffentlichung zeitweise oder endg\u00fcltig einzustellen.<\/p>\n<\/div>\n<div id=\"floattext\">\n<p><span class=\"headline\">2. Verweise und Links<\/span><br \/>\n<span class=\"floattext\">Bei direkten oder indirekten Verweisen auf fremde Internetseiten (&#8220;Links&#8221;), die au\u00dferhalb des Verantwortungsbereiches des Autors liegen, w\u00fcrde eine Haftungsverpflichtung ausschlie\u00dflich in dem Fall in Kraft treten, in dem der Autor von den Inhalten Kenntnis hat und es ihm technisch m\u00f6glich und zumutbar w\u00e4re, die Nutzung im Falle rechtswidriger Inhalte zu verhindern.<\/span><\/p>\n<p>Der Autor erkl\u00e4rt daher ausdr\u00fccklich, dass zum Zeitpunkt der Linksetzung die entsprechenden verlinkten Seiten frei von illegalen Inhalten waren. Der Autor hat keinerlei Einfluss auf die aktuelle und zuk\u00fcnftige Gestaltung und auf die Inhalte der gelinkten\/verkn\u00fcpften Seiten. Deshalb distanziert er sich hiermit ausdr\u00fccklich von allen Inhalten aller gelinkten \/verkn\u00fcpften Seiten, die nach der Linksetzung ver\u00e4ndert wurden.<\/p>\n<p>Diese Feststellung gilt f\u00fcr alle innerhalb des eigenen Internetangebotes gesetzten Links und Verweise sowie f\u00fcr Fremdeintr\u00e4ge in vom Autor eingerichteten G\u00e4steb\u00fcchern, Diskussionsforen und Mailinglisten. F\u00fcr illegale, fehlerhafte oder unvollst\u00e4ndige Inhalte und insbesondere f\u00fcr Sch\u00e4den, die aus der Nutzung oder Nichtnutzung solcherart dargebotener Informationen entstehen, haftet allein der Anbieter der Seite, auf welche verwiesen wurde, nicht derjenige, der \u00fcber Links auf die jeweilige Ver\u00f6ffentlichung lediglich verweist.<\/p>\n<\/div>\n<div id=\"floattext\">\n<p><span class=\"headline\">3. Urheber- und Kennzeichenrecht<\/span><br \/>\n<span class=\"floattext\">Der Autor ist bestrebt, in allen Publikationen die Urheberrechte der verwendeten Grafiken, Tondokumente, Videosequenzen und Texte zu beachten, von ihm selbst erstellte Grafiken, Tondokumente, Videosequenzen und Texte zu nutzen oder auf lizenzfreie Grafiken, Tondokumente, Videosequenzen und Texte zur\u00fcckzugreifen.<\/span><\/p>\n<p>Alle innerhalb des Internetangebotes genannten und ggf. durch Dritte gesch\u00fctzten Marken- und Warenzeichen unterliegen uneingeschr\u00e4nkt den Bestimmungen des jeweils g\u00fcltigen Kennzeichenrechts und den Besitzrechten der jeweiligen eingetragenen Eigent\u00fcmer.<\/p>\n<p>Allein aufgrund der blo\u00dfen Nennung ist nicht der Schluss zu ziehen, dass Markenzeichen nicht durch Rechte Dritter gesch\u00fctzt sind!<\/p>\n<p>Das Copyright f\u00fcr ver\u00f6ffentlichte, vom Autor selbst erstellte Objekte bleibt allein beim Autor der Seiten.<\/p>\n<p>Eine Vervielf\u00e4ltigung oder Verwendung solcher Grafiken, Tondokumente, Videosequenzen und Texte in anderen elektronischen oder gedruckten Publikationen ist ohne ausdr\u00fcckliche Zustimmung des Autors nicht gestattet.<\/p>\n<\/div>\n<div id=\"floattext\">\n<p><span class=\"headline\">4. Datenschutzerkl\u00e4rung \/ Privacy policy<\/span><br \/>\n<span class=\"floattext\">Sofern innerhalb des Internetangebotes die M\u00f6glichkeit zur Eingabe pers\u00f6nlicher oder gesch\u00e4ftlicher Daten (Emailadressen, Namen, Anschriften) besteht, so erfolgt die Preisgabe dieser Daten seitens des Nutzers auf ausdr\u00fccklich freiwilliger Basis.<\/span><\/p>\n<p>Gem\u00e4\u00df Art. 6 EU-DSGVO \u00a71b bedeutet die Kontaktierung des Webseiteninhabers zum Zwecke der Vertragsbildung die Rechtsgrundlage zur Erhebung und Verarbeitung dazu notwendiger personenbezogener Daten wie &#8220;Adresse&#8221;, &#8220;Kontodaten&#8221;, &#8220;Name&#8221; und &#8220;Emailverkehr&#8221;. Diese werden zur Ausf\u00fchrung der Vertragspflichten und zur Erstellung von einer Klientenliste verwendet.<\/p>\n<p>Diese Daten werden auf unbestimmte Zukunft hin gespeichert. Ist die betroffene Partei kein potentieller Kunde mehr, werden ihre Daten gel\u00f6scht.<\/p>\n<p>Die betroffene Partei hat das Recht auf Auskunft \u00fcber die zu ihrer Person gespeicherten Daten sowie auf Korrektur oder L\u00f6schung dieser Daten.<\/p>\n<p>Um die Einwilligung zur Datenverarbeitung zu widerrufen, kann die betroffene Partei den Webseiteninhaber kontaktieren (jan_wessbecher@artjaw.de).<\/p>\n<p>Die betroffene Partei hat weiterhin das Recht auf Einschr\u00e4nkung der Verarbeitung.<\/p>\n<p>Die betroffene Partei hat weiterhin das Recht auf Beschwerde bei einer Aufsichtsbeh\u00f6rde.<\/p>\n<p>Die betroffene Partei hat weiterhin das Recht auf Daten\u00fcbertragbarkeit.<\/p>\n<p><strong>Die betroffene Partei hat weiterhin das Recht auf Widerspruch.<\/strong><\/p>\n<p>\/\/<\/p>\n<p>Should there be a possiblity for entry of personal or business related data (emailadress, name, adress) on this website, all entered data is divulged explicitly voluntarily by the user.<\/p>\n<p>According to Art. 6 EU-DSGVO \u00a71b contacting the owner of the website with the goal of forming a contract gives the legal basis to source and use personal data necessary for that purpose, such as &#8220;adress&#8221;, &#8220;banking information&#8221;, &#8220;name&#8221; and &#8220;email traffic&#8221;. These are used to form and fulfill that contract, as well as to create a list of clients.<\/p>\n<p>This data is stored indefinitely. If the concerned party in no longer a potential client, the data is deleted.<\/p>\n<p>The concerned party has the right to disclosure pertaining personal data of themselves, as well as the right to correction and deletion of said data.<\/p>\n<p>To rescind the consent to usage of data, the concerned party can contact the website owner (jan_wessbecher@artjaw.de).<\/p>\n<p>Furthermore, the concerned party has the right to restriction of processing.<\/p>\n<p>Furthermore, the concerned party has the right to complaint with a regulatory body.<\/p>\n<p>Furthermore, the concerned party has the right to data portability<\/p>\n<p><strong>Furthermore, the concerned party has the right to objection.<\/strong><\/p>\n<\/div>\n<div id=\"floattext\">\n<p><span class=\"headline\">5. Rechtswirksamkeit dieses Haftungsausschlusses<\/span><br \/>\n<span class=\"floattext\">Dieser Haftungsausschluss ist als Teil des Internetangebotes zu betrachten, von dem aus auf diese Seite verwiesen wurde.<\/span><\/p>\n<p>Sofern Teile oder einzelne Formulierungen dieses Textes der geltenden Rechtslage nicht, nicht mehr oder nicht vollst\u00e4ndig entsprechen sollten, bleiben die \u00fcbrigen Teile des Dokumentes in ihrem Inhalt und ihrer G\u00fcltigkeit davon unber\u00fchrt.<\/p>\n<\/div>\n","protected":false},"excerpt":{"rendered":"<div id=\"floattext\">\n<p><span class=\"headline\">Verantwortlicher Autor und Webdesigner:<\/span><br \/>\n<span class=\"floattext\">Jan We\u00dfbecher<br \/>\nTigerstra\u00dfe 13<br \/>\n22525\u00a0Hamburg<br \/>\nDeutschland<\/span><\/p>\n<p>VAT.Id.Nr.: DE298397802\n<\/p>\n<p>jan_wessbecher@artjaw.de<\/p>\n<p>WordPress Framework und Themedesign:<\/p>\n<p>WordPress.com und Themetrust.com<\/p>\n<\/div>\n<div id=\"floattext\">\n<p><span class=\"headline\">1. Inhalt des Onlineangebotes<\/span><br \/>\n<span class=\"floattext\">Jan We\u00dfbecher\u00a0(im Folgenden &#8220;Der Autor&#8221;) \u00fcbernimmt keinerlei Gew\u00e4hr f\u00fcr die Aktualit\u00e4t, Korrektheit, Vollst\u00e4ndigkeit oder Qualit\u00e4t der bereitgestellten Informationen. Haftungsanspr\u00fcche gegen den Autor, welche sich auf Sch\u00e4den materieller oder ideeller Art beziehen,<\/span><\/p>\n<\/div>\n","protected":false},"author":1,"featured_media":0,"parent":0,"menu_order":0,"comment_status":"closed","ping_status":"closed","template":"","meta":[],"_links":{"self":[{"href":"http:\/\/artjaw.de\/index.php?rest_route=\/wp\/v2\/pages\/587"}],"collection":[{"href":"http:\/\/artjaw.de\/index.php?rest_route=\/wp\/v2\/pages"}],"about":[{"href":"http:\/\/artjaw.de\/index.php?rest_route=\/wp\/v2\/types\/page"}],"author":[{"embeddable":true,"href":"http:\/\/artjaw.de\/index.php?rest_route=\/wp\/v2\/users\/1"}],"replies":[{"embeddable":true,"href":"http:\/\/artjaw.de\/index.php?rest_route=%2Fwp%2Fv2%2Fcomments&post=587"}],"version-history":[{"count":9,"href":"http:\/\/artjaw.de\/index.php?rest_route=\/wp\/v2\/pages\/587\/revisions"}],"predecessor-version":[{"id":991,"href":"http:\/\/artjaw.de\/index.php?rest_route=\/wp\/v2\/pages\/587\/revisions\/991"}],"wp:attachment":[{"href":"http:\/\/artjaw.de\/index.php?rest_route=%2Fwp%2Fv2%2Fmedia&parent=587"}],"curies":[{"name":"wp","href":"https:\/\/api.w.org\/{rel}","templated":true}]}}